{"id":15916,"date":"2024-06-06T20:17:26","date_gmt":"2024-06-06T20:17:26","guid":{"rendered":"https:\/\/cvpf.cl\/ecommerce\/?post_type=product&#038;p=15916"},"modified":"2024-06-06T20:21:29","modified_gmt":"2024-06-06T20:21:29","slug":"electrocardiografo-comen-h3","status":"publish","type":"product","link":"https:\/\/cvpf.cl\/ecommerce\/product\/electrocardiografo-comen-h3\/","title":{"rendered":"Electrocardi\u00f3grafo Comen H3"},"content":{"rendered":"<p>3 canales, pantalla t\u00e1ctil de 6.2&#8243;, incluye cable ECG 12 lead, peras y pinzas adulto.<\/p>\n","protected":false},"excerpt":{"rendered":"<p>El Electrocardi\u00f3grafo Comen H3 es un dispositivo m\u00e9dico avanzado que proporciona registros precisos y detallados de la actividad el\u00e9ctrica del coraz\u00f3n.<\/p>\n","protected":false},"featured_media":15917,"comment_status":"open","ping_status":"closed","template":"","meta":{"_joinchat":[]},"product_brand":[],"product_cat":[78,79],"product_tag":[92],"class_list":{"0":"post-15916","1":"product","2":"type-product","3":"status-publish","4":"has-post-thumbnail","6":"product_cat-equipo-medico","7":"product_cat-electrocardiografia-equipo-medico","8":"product_tag-electrocardiografo","10":"first","11":"instock","12":"shipping-taxable","13":"purchasable","14":"product-type-simple"},"_links":{"self":[{"href":"https:\/\/cvpf.cl\/ecommerce\/wp-json\/wp\/v2\/product\/15916","targetHints":{"allow":["GET"]}}],"collection":[{"href":"https:\/\/cvpf.cl\/ecommerce\/wp-json\/wp\/v2\/product"}],"about":[{"href":"https:\/\/cvpf.cl\/ecommerce\/wp-json\/wp\/v2\/types\/product"}],"replies":[{"embeddable":true,"href":"https:\/\/cvpf.cl\/ecommerce\/wp-json\/wp\/v2\/comments?post=15916"}],"version-history":[{"count":1,"href":"https:\/\/cvpf.cl\/ecommerce\/wp-json\/wp\/v2\/product\/15916\/revisions"}],"predecessor-version":[{"id":15920,"href":"https:\/\/cvpf.cl\/ecommerce\/wp-json\/wp\/v2\/product\/15916\/revisions\/15920"}],"wp:featuredmedia":[{"embeddable":true,"href":"https:\/\/cvpf.cl\/ecommerce\/wp-json\/wp\/v2\/media\/15917"}],"wp:attachment":[{"href":"https:\/\/cvpf.cl\/ecommerce\/wp-json\/wp\/v2\/media?parent=15916"}],"wp:term":[{"taxonomy":"product_brand","embeddable":true,"href":"https:\/\/cvpf.cl\/ecommerce\/wp-json\/wp\/v2\/product_brand?post=15916"},{"taxonomy":"product_cat","embeddable":true,"href":"https:\/\/cvpf.cl\/ecommerce\/wp-json\/wp\/v2\/product_cat?post=15916"},{"taxonomy":"product_tag","embeddable":true,"href":"https:\/\/cvpf.cl\/ecommerce\/wp-json\/wp\/v2\/product_tag?post=15916"}],"curies":[{"name":"wp","href":"https:\/\/api.w.org\/{rel}","templated":true}]}}