{"id":15872,"date":"2024-06-06T17:46:33","date_gmt":"2024-06-06T17:46:33","guid":{"rendered":"https:\/\/cvpf.cl\/ecommerce\/?post_type=product&#038;p=15872"},"modified":"2024-06-07T13:16:09","modified_gmt":"2024-06-07T13:16:09","slug":"mormaii-smash-m0129api11","status":"publish","type":"product","link":"https:\/\/cvpf.cl\/ecommerce\/product\/mormaii-smash-m0129api11\/","title":{"rendered":"MORMAII SMASH"},"content":{"rendered":"<p>Los anteojos Smash fueron dise\u00f1ados para deportistas que buscan dise\u00f1o y comodidad. El modelo solar unisex es altamente resistente al impacto, ligero, anat\u00f3mico y con M\u00e1scara-lente recortada antivaho.<\/p>\n","protected":false},"excerpt":{"rendered":"<p>Los anteojos Smash fueron dise\u00f1ados para deportistas que buscan dise\u00f1o y comodidad.<\/p>\n","protected":false},"featured_media":15873,"comment_status":"open","ping_status":"closed","template":"","meta":{"_joinchat":[]},"product_brand":[],"product_cat":[75],"product_tag":[93,81],"class_list":{"0":"post-15872","1":"product","2":"type-product","3":"status-publish","4":"has-post-thumbnail","6":"product_cat-anteojos-deportivos","7":"product_tag-anteojos","8":"product_tag-mormaii","10":"first","11":"instock","12":"shipping-taxable","13":"purchasable","14":"product-type-simple"},"_links":{"self":[{"href":"https:\/\/cvpf.cl\/ecommerce\/wp-json\/wp\/v2\/product\/15872","targetHints":{"allow":["GET"]}}],"collection":[{"href":"https:\/\/cvpf.cl\/ecommerce\/wp-json\/wp\/v2\/product"}],"about":[{"href":"https:\/\/cvpf.cl\/ecommerce\/wp-json\/wp\/v2\/types\/product"}],"replies":[{"embeddable":true,"href":"https:\/\/cvpf.cl\/ecommerce\/wp-json\/wp\/v2\/comments?post=15872"}],"version-history":[{"count":2,"href":"https:\/\/cvpf.cl\/ecommerce\/wp-json\/wp\/v2\/product\/15872\/revisions"}],"predecessor-version":[{"id":15875,"href":"https:\/\/cvpf.cl\/ecommerce\/wp-json\/wp\/v2\/product\/15872\/revisions\/15875"}],"wp:featuredmedia":[{"embeddable":true,"href":"https:\/\/cvpf.cl\/ecommerce\/wp-json\/wp\/v2\/media\/15873"}],"wp:attachment":[{"href":"https:\/\/cvpf.cl\/ecommerce\/wp-json\/wp\/v2\/media?parent=15872"}],"wp:term":[{"taxonomy":"product_brand","embeddable":true,"href":"https:\/\/cvpf.cl\/ecommerce\/wp-json\/wp\/v2\/product_brand?post=15872"},{"taxonomy":"product_cat","embeddable":true,"href":"https:\/\/cvpf.cl\/ecommerce\/wp-json\/wp\/v2\/product_cat?post=15872"},{"taxonomy":"product_tag","embeddable":true,"href":"https:\/\/cvpf.cl\/ecommerce\/wp-json\/wp\/v2\/product_tag?post=15872"}],"curies":[{"name":"wp","href":"https:\/\/api.w.org\/{rel}","templated":true}]}}