{"id":15859,"date":"2024-06-06T17:42:28","date_gmt":"2024-06-06T17:42:28","guid":{"rendered":"https:\/\/cvpf.cl\/ecommerce\/?post_type=product&#038;p=15859"},"modified":"2025-06-30T20:53:15","modified_gmt":"2025-06-30T20:53:15","slug":"mormaii-smash-m0129a3496","status":"publish","type":"product","link":"https:\/\/cvpf.cl\/ecommerce\/product\/mormaii-smash-m0129a3496\/","title":{"rendered":"MORMAII SMASH"},"content":{"rendered":"<p style=\"text-align: justify;\">Cuenta con todos los filtros de protecci\u00f3n solar. Modelo unisex, altamente resistente al impacto, ligero, anat\u00f3mico y con M\u00e1scara-lente recortada antivaho.<\/p>\n","protected":false},"excerpt":{"rendered":"<p>Los anteojos Smash fueron dise\u00f1ados para deportistas que buscan dise\u00f1o y comodidad.<\/p>\n","protected":false},"featured_media":15860,"comment_status":"open","ping_status":"closed","template":"","meta":{"_joinchat":[]},"product_brand":[],"product_cat":[75],"product_tag":[93,81],"class_list":{"0":"post-15859","1":"product","2":"type-product","3":"status-publish","4":"has-post-thumbnail","6":"product_cat-anteojos-deportivos","7":"product_tag-anteojos","8":"product_tag-mormaii","10":"first","11":"instock","12":"shipping-taxable","13":"purchasable","14":"product-type-simple"},"_links":{"self":[{"href":"https:\/\/cvpf.cl\/ecommerce\/wp-json\/wp\/v2\/product\/15859","targetHints":{"allow":["GET"]}}],"collection":[{"href":"https:\/\/cvpf.cl\/ecommerce\/wp-json\/wp\/v2\/product"}],"about":[{"href":"https:\/\/cvpf.cl\/ecommerce\/wp-json\/wp\/v2\/types\/product"}],"replies":[{"embeddable":true,"href":"https:\/\/cvpf.cl\/ecommerce\/wp-json\/wp\/v2\/comments?post=15859"}],"version-history":[{"count":3,"href":"https:\/\/cvpf.cl\/ecommerce\/wp-json\/wp\/v2\/product\/15859\/revisions"}],"predecessor-version":[{"id":16395,"href":"https:\/\/cvpf.cl\/ecommerce\/wp-json\/wp\/v2\/product\/15859\/revisions\/16395"}],"wp:featuredmedia":[{"embeddable":true,"href":"https:\/\/cvpf.cl\/ecommerce\/wp-json\/wp\/v2\/media\/15860"}],"wp:attachment":[{"href":"https:\/\/cvpf.cl\/ecommerce\/wp-json\/wp\/v2\/media?parent=15859"}],"wp:term":[{"taxonomy":"product_brand","embeddable":true,"href":"https:\/\/cvpf.cl\/ecommerce\/wp-json\/wp\/v2\/product_brand?post=15859"},{"taxonomy":"product_cat","embeddable":true,"href":"https:\/\/cvpf.cl\/ecommerce\/wp-json\/wp\/v2\/product_cat?post=15859"},{"taxonomy":"product_tag","embeddable":true,"href":"https:\/\/cvpf.cl\/ecommerce\/wp-json\/wp\/v2\/product_tag?post=15859"}],"curies":[{"name":"wp","href":"https:\/\/api.w.org\/{rel}","templated":true}]}}