{"id":15839,"date":"2024-06-06T17:16:59","date_gmt":"2024-06-06T17:16:59","guid":{"rendered":"https:\/\/cvpf.cl\/ecommerce\/?post_type=product&#038;p=15839"},"modified":"2024-06-07T13:17:36","modified_gmt":"2024-06-07T13:17:36","slug":"mormaii-smash-m0130a1401","status":"publish","type":"product","link":"https:\/\/cvpf.cl\/ecommerce\/product\/mormaii-smash-m0130a1401\/","title":{"rendered":"MORMAII SMASH 2"},"content":{"rendered":"<p>El modelo, de dise\u00f1o muy anat\u00f3mico, dispone de una lente extra, que puede ser incolora, confort noche o confort sol, seg\u00fan la referencia, para una mejor adaptaci\u00f3n a las diferentes situaciones lum\u00ednicas.<\/p>\n","protected":false},"excerpt":{"rendered":"<p>Los anteojos Smash 2 son perfectos para atletas que necesitan gafas graduadas para deportes de interior y exterior, combinado con la protecci\u00f3n de lentes de sol, aportando comodidad y practicidad.<\/p>\n","protected":false},"featured_media":15840,"comment_status":"open","ping_status":"closed","template":"","meta":{"_joinchat":[]},"product_brand":[],"product_cat":[75],"product_tag":[93,81],"class_list":{"0":"post-15839","1":"product","2":"type-product","3":"status-publish","4":"has-post-thumbnail","6":"product_cat-anteojos-deportivos","7":"product_tag-anteojos","8":"product_tag-mormaii","10":"first","11":"instock","12":"shipping-taxable","13":"purchasable","14":"product-type-simple"},"_links":{"self":[{"href":"https:\/\/cvpf.cl\/ecommerce\/wp-json\/wp\/v2\/product\/15839","targetHints":{"allow":["GET"]}}],"collection":[{"href":"https:\/\/cvpf.cl\/ecommerce\/wp-json\/wp\/v2\/product"}],"about":[{"href":"https:\/\/cvpf.cl\/ecommerce\/wp-json\/wp\/v2\/types\/product"}],"replies":[{"embeddable":true,"href":"https:\/\/cvpf.cl\/ecommerce\/wp-json\/wp\/v2\/comments?post=15839"}],"version-history":[{"count":1,"href":"https:\/\/cvpf.cl\/ecommerce\/wp-json\/wp\/v2\/product\/15839\/revisions"}],"predecessor-version":[{"id":15841,"href":"https:\/\/cvpf.cl\/ecommerce\/wp-json\/wp\/v2\/product\/15839\/revisions\/15841"}],"wp:featuredmedia":[{"embeddable":true,"href":"https:\/\/cvpf.cl\/ecommerce\/wp-json\/wp\/v2\/media\/15840"}],"wp:attachment":[{"href":"https:\/\/cvpf.cl\/ecommerce\/wp-json\/wp\/v2\/media?parent=15839"}],"wp:term":[{"taxonomy":"product_brand","embeddable":true,"href":"https:\/\/cvpf.cl\/ecommerce\/wp-json\/wp\/v2\/product_brand?post=15839"},{"taxonomy":"product_cat","embeddable":true,"href":"https:\/\/cvpf.cl\/ecommerce\/wp-json\/wp\/v2\/product_cat?post=15839"},{"taxonomy":"product_tag","embeddable":true,"href":"https:\/\/cvpf.cl\/ecommerce\/wp-json\/wp\/v2\/product_tag?post=15839"}],"curies":[{"name":"wp","href":"https:\/\/api.w.org\/{rel}","templated":true}]}}