{"id":15811,"date":"2024-06-06T17:00:50","date_gmt":"2024-06-06T17:00:50","guid":{"rendered":"https:\/\/cvpf.cl\/ecommerce\/?post_type=product&#038;p=15811"},"modified":"2024-06-07T13:18:31","modified_gmt":"2024-06-07T13:18:31","slug":"mormaii-grand-tour-2-m0144j8097","status":"publish","type":"product","link":"https:\/\/cvpf.cl\/ecommerce\/product\/mormaii-grand-tour-2-m0144j8097\/","title":{"rendered":"MORMAII GRAND TOUR 2"},"content":{"rendered":"<p>C\u00e9ntrate en conseguir tu mejor versi\u00f3n y deja la protecci\u00f3n visual a este tirador, que derrocha dise\u00f1o y resistencia.<\/p>\n","protected":false},"excerpt":{"rendered":"<p>Los anteojos El Grand Tour 2, con lente cil\u00edndrica estilo m\u00e1scara, es el modelo PRO perfecto para acompa\u00f1arte en la pr\u00e1ctica de tu parte favorita y mejorar tu rendimiento.<\/p>\n","protected":false},"featured_media":15812,"comment_status":"open","ping_status":"closed","template":"","meta":{"_joinchat":[]},"product_brand":[],"product_cat":[75],"product_tag":[93,81],"class_list":{"0":"post-15811","1":"product","2":"type-product","3":"status-publish","4":"has-post-thumbnail","6":"product_cat-anteojos-deportivos","7":"product_tag-anteojos","8":"product_tag-mormaii","10":"first","11":"instock","12":"shipping-taxable","13":"purchasable","14":"product-type-simple"},"_links":{"self":[{"href":"https:\/\/cvpf.cl\/ecommerce\/wp-json\/wp\/v2\/product\/15811","targetHints":{"allow":["GET"]}}],"collection":[{"href":"https:\/\/cvpf.cl\/ecommerce\/wp-json\/wp\/v2\/product"}],"about":[{"href":"https:\/\/cvpf.cl\/ecommerce\/wp-json\/wp\/v2\/types\/product"}],"replies":[{"embeddable":true,"href":"https:\/\/cvpf.cl\/ecommerce\/wp-json\/wp\/v2\/comments?post=15811"}],"version-history":[{"count":1,"href":"https:\/\/cvpf.cl\/ecommerce\/wp-json\/wp\/v2\/product\/15811\/revisions"}],"predecessor-version":[{"id":15813,"href":"https:\/\/cvpf.cl\/ecommerce\/wp-json\/wp\/v2\/product\/15811\/revisions\/15813"}],"wp:featuredmedia":[{"embeddable":true,"href":"https:\/\/cvpf.cl\/ecommerce\/wp-json\/wp\/v2\/media\/15812"}],"wp:attachment":[{"href":"https:\/\/cvpf.cl\/ecommerce\/wp-json\/wp\/v2\/media?parent=15811"}],"wp:term":[{"taxonomy":"product_brand","embeddable":true,"href":"https:\/\/cvpf.cl\/ecommerce\/wp-json\/wp\/v2\/product_brand?post=15811"},{"taxonomy":"product_cat","embeddable":true,"href":"https:\/\/cvpf.cl\/ecommerce\/wp-json\/wp\/v2\/product_cat?post=15811"},{"taxonomy":"product_tag","embeddable":true,"href":"https:\/\/cvpf.cl\/ecommerce\/wp-json\/wp\/v2\/product_tag?post=15811"}],"curies":[{"name":"wp","href":"https:\/\/api.w.org\/{rel}","templated":true}]}}