{"id":648,"date":"2019-04-16T02:33:28","date_gmt":"2019-04-16T02:33:28","guid":{"rendered":"http:\/\/themes.themegoods.com\/dotlife\/demo\/?page_id=648"},"modified":"2023-09-19T22:50:19","modified_gmt":"2023-09-19T22:50:19","slug":"publicaciones","status":"publish","type":"page","link":"https:\/\/cvpf.cl\/academy\/publicaciones\/","title":{"rendered":"Publicaciones"},"content":{"rendered":"\t\t<div data-elementor-type=\"wp-post\" data-elementor-id=\"648\" class=\"elementor elementor-648\">\n\t\t\t\t\t\t<section class=\"elementor-section elementor-top-section elementor-element elementor-element-497ef94 elementor-section-stretched elementor-section-height-min-height elementor-section-boxed elementor-section-height-default elementor-section-items-middle\" data-id=\"497ef94\" data-element_type=\"section\" data-settings=\"{&quot;stretch_section&quot;:&quot;section-stretched&quot;,&quot;background_background&quot;:&quot;classic&quot;,&quot;dotlife_ext_is_background_parallax&quot;:&quot;false&quot;}\">\n\t\t\t\t\t\t<div class=\"elementor-container elementor-column-gap-default\">\n\t\t\t\t\t<div class=\"elementor-column elementor-col-100 elementor-top-column elementor-element elementor-element-eeeb98a\" data-id=\"eeeb98a\" data-element_type=\"column\" data-settings=\"{&quot;dotlife_ext_link_sidemenu&quot;:&quot;false&quot;,&quot;dotlife_ext_link_fullmenu&quot;:&quot;false&quot;,&quot;dotlife_ext_link_closed_fullmenu&quot;:&quot;false&quot;,&quot;dotlife_ext_is_scrollme&quot;:&quot;false&quot;,&quot;dotlife_ext_is_smoove&quot;:&quot;false&quot;,&quot;dotlife_ext_is_parallax_mouse&quot;:&quot;false&quot;,&quot;dotlife_ext_is_infinite&quot;:&quot;false&quot;,&quot;dotlife_ext_is_fadeout_animation&quot;:&quot;false&quot;,&quot;dotlife_ext_mobile_static&quot;:&quot;false&quot;}\">\n\t\t\t<div class=\"elementor-widget-wrap elementor-element-populated\">\n\t\t\t\t\t\t<div class=\"elementor-element elementor-element-a3ff19c animated-fast elementor-widget__width-initial elementor-widget-mobile__width-initial elementor-invisible elementor-widget elementor-widget-heading\" data-id=\"a3ff19c\" data-element_type=\"widget\" data-settings=\"{&quot;_animation&quot;:&quot;fadeInUp&quot;,&quot;_animation_delay&quot;:200,&quot;dotlife_ext_link_sidemenu&quot;:&quot;false&quot;,&quot;dotlife_ext_link_fullmenu&quot;:&quot;false&quot;,&quot;dotlife_ext_link_closed_fullmenu&quot;:&quot;false&quot;,&quot;dotlife_ext_is_scrollme&quot;:&quot;false&quot;,&quot;dotlife_ext_is_smoove&quot;:&quot;false&quot;,&quot;dotlife_ext_is_parallax_mouse&quot;:&quot;false&quot;,&quot;dotlife_ext_is_infinite&quot;:&quot;false&quot;,&quot;dotlife_ext_is_fadeout_animation&quot;:&quot;false&quot;,&quot;dotlife_ext_mobile_static&quot;:&quot;false&quot;}\" data-widget_type=\"heading.default\">\n\t\t\t\t<div class=\"elementor-widget-container\">\n\t\t\t\t\t<h1 class=\"elementor-heading-title elementor-size-medium\"><br><br>\"La educaci\u00f3n cient\u00edfica de los j\u00f3venes es al menos tan importante, quiz\u00e1 incluso m\u00e1s, que la propia investigaci\u00f3n\"<\/h1>\t\t\t\t<\/div>\n\t\t\t\t<\/div>\n\t\t\t\t\t<\/div>\n\t\t<\/div>\n\t\t\t\t\t<\/div>\n\t\t<\/section>\n\t\t\t\t<section class=\"elementor-section elementor-top-section elementor-element elementor-element-141716a elementor-section-stretched elementor-section-full_width elementor-section-height-default elementor-section-height-default\" data-id=\"141716a\" data-element_type=\"section\" data-settings=\"{&quot;stretch_section&quot;:&quot;section-stretched&quot;,&quot;background_background&quot;:&quot;classic&quot;,&quot;dotlife_ext_is_background_parallax&quot;:&quot;false&quot;}\">\n\t\t\t\t\t\t<div class=\"elementor-container elementor-column-gap-default\">\n\t\t\t\t\t<div class=\"elementor-column elementor-col-100 elementor-top-column elementor-element elementor-element-b44a9bb\" data-id=\"b44a9bb\" data-element_type=\"column\" data-settings=\"{&quot;dotlife_ext_link_sidemenu&quot;:&quot;false&quot;,&quot;dotlife_ext_link_fullmenu&quot;:&quot;false&quot;,&quot;dotlife_ext_link_closed_fullmenu&quot;:&quot;false&quot;,&quot;dotlife_ext_is_scrollme&quot;:&quot;false&quot;,&quot;dotlife_ext_is_smoove&quot;:&quot;false&quot;,&quot;dotlife_ext_is_parallax_mouse&quot;:&quot;false&quot;,&quot;dotlife_ext_is_infinite&quot;:&quot;false&quot;,&quot;dotlife_ext_is_fadeout_animation&quot;:&quot;false&quot;,&quot;dotlife_ext_mobile_static&quot;:&quot;false&quot;}\">\n\t\t\t<div class=\"elementor-widget-wrap\">\n\t\t\t\t\t\t\t<\/div>\n\t\t<\/div>\n\t\t\t\t\t<\/div>\n\t\t<\/section>\n\t\t\t\t<section class=\"elementor-section elementor-top-section elementor-element elementor-element-37dcd06 elementor-section-stretched elementor-section-boxed elementor-section-height-default elementor-section-height-default\" data-id=\"37dcd06\" data-element_type=\"section\" data-settings=\"{&quot;stretch_section&quot;:&quot;section-stretched&quot;,&quot;background_background&quot;:&quot;gradient&quot;,&quot;dotlife_ext_is_background_parallax&quot;:&quot;false&quot;}\">\n\t\t\t\t\t\t<div class=\"elementor-container elementor-column-gap-extended\">\n\t\t\t\t\t<div class=\"elementor-column elementor-col-100 elementor-top-column elementor-element elementor-element-85325e1\" data-id=\"85325e1\" data-element_type=\"column\" data-settings=\"{&quot;dotlife_ext_link_sidemenu&quot;:&quot;false&quot;,&quot;dotlife_ext_link_fullmenu&quot;:&quot;false&quot;,&quot;dotlife_ext_link_closed_fullmenu&quot;:&quot;false&quot;,&quot;dotlife_ext_is_scrollme&quot;:&quot;false&quot;,&quot;dotlife_ext_is_smoove&quot;:&quot;false&quot;,&quot;dotlife_ext_is_parallax_mouse&quot;:&quot;false&quot;,&quot;dotlife_ext_is_infinite&quot;:&quot;false&quot;,&quot;dotlife_ext_is_fadeout_animation&quot;:&quot;false&quot;,&quot;dotlife_ext_mobile_static&quot;:&quot;false&quot;}\">\n\t\t\t<div class=\"elementor-widget-wrap elementor-element-populated\">\n\t\t\t\t\t\t<div class=\"elementor-element elementor-element-e32d6df elementor-widget__width-initial elementor-widget elementor-widget-dotlife-portfolio-grid\" data-id=\"e32d6df\" data-element_type=\"widget\" data-settings=\"{&quot;dotlife_ext_link_sidemenu&quot;:&quot;false&quot;,&quot;dotlife_ext_link_fullmenu&quot;:&quot;false&quot;,&quot;dotlife_ext_link_closed_fullmenu&quot;:&quot;false&quot;,&quot;dotlife_ext_is_scrollme&quot;:&quot;false&quot;,&quot;dotlife_ext_is_smoove&quot;:&quot;false&quot;,&quot;dotlife_ext_is_parallax_mouse&quot;:&quot;false&quot;,&quot;dotlife_ext_is_infinite&quot;:&quot;false&quot;,&quot;dotlife_ext_is_fadeout_animation&quot;:&quot;false&quot;,&quot;dotlife_ext_mobile_static&quot;:&quot;false&quot;}\" data-widget_type=\"dotlife-portfolio-grid.default\">\n\t\t\t\t<div class=\"elementor-widget-container\">\n\t\t\t\t\t<div class=\"portfolio_grid_container\">\n<div class=\"portfolio_filter_wrapper\">\n\t\t<a class=\"filter_tag_btn active\" href=\"javascript:;\" data-rel=\"all\" data-cols=\"3\">All<\/a>\n\t\t\t<a class=\"filter_tag_btn\" href=\"javascript:;\" data-rel=\"peer-review\" data-cols=\"3\">Peer Review<\/a>\n\t\t\t<a class=\"filter_tag_btn\" href=\"javascript:;\" data-rel=\"\" data-cols=\"3\"><\/a>\n\t\t\t<a class=\"filter_tag_btn\" href=\"javascript:;\" data-rel=\"non-peer-review\" data-cols=\"3\">Non Peer Review<\/a>\n\t<\/div>\n<div class=\"portfolio_grid_content_wrapper portfolio_grid layout_tg_three_cols \" data-cols=\"3\">\n\t\t<div class=\"portfolio_grid_wrapper tg_three_cols   portfolio-1 tile scale-anm peer-review all filterable\">\n\t\t\t<img decoding=\"async\" src=\"https:\/\/cvpf.cl\/academy\/wp-content\/uploads\/2023\/09\/Captura-de-Pantalla-2023-09-14-a-las-02.21.37-416x466.png\" alt=\"\" \/>\n\n\t\t\t<figcaption>\n\t\t\t\t<h3 class=\"portfolio_grid_title\">2021<\/h3>\n\t\t\t\t<div class=\"portfolio_grid_subtitle\">High frequency of digital eye strain and dry eye disease in teleworkers during the coronavirus disease (2019) pandemic<\/div>\n\t\t\t<\/figcaption>\n\t\t\t\n\t\t\t<a href=\"https:\/\/pubmed.ncbi.nlm.nih.gov\/34082647\/\"  ><\/a>\n\t\t<\/div>\n\t\t<div class=\"portfolio_grid_wrapper tg_three_cols   portfolio-2 tile scale-anm  all filterable\">\n\t\t\t<img decoding=\"async\" src=\"https:\/\/cvpf.cl\/academy\/wp-content\/uploads\/2023\/09\/Captura-de-Pantalla-2023-09-14-a-las-02.19.50-413x466.png\" alt=\"\" \/>\n\n\t\t\t<figcaption>\n\t\t\t\t<h3 class=\"portfolio_grid_title\">2021<\/h3>\n\t\t\t\t<div class=\"portfolio_grid_subtitle\">Dry Eye and Visual Display Terminal-Related Symptoms among University Students during the Coronavirus Disease Pandemic<\/div>\n\t\t\t<\/figcaption>\n\t\t\t\n\t\t\t<a href=\"https:\/\/pubmed.ncbi.nlm.nih.gov\/34251964\/\"  ><\/a>\n\t\t<\/div>\n\t\t<div class=\"portfolio_grid_wrapper tg_three_cols last  portfolio-3 tile scale-anm peer-review all filterable\">\n\t\t\t<img decoding=\"async\" src=\"https:\/\/cvpf.cl\/academy\/wp-content\/uploads\/2023\/09\/Captura-de-Pantalla-2023-09-14-a-las-02.09.33-384x466.png\" alt=\"\" \/>\n\n\t\t\t<figcaption>\n\t\t\t\t<h3 class=\"portfolio_grid_title\">2020<\/h3>\n\t\t\t\t<div class=\"portfolio_grid_subtitle\">Adaptaci\u00f3n cultural y validaci\u00f3n del cuestionario Ocular Surface Disease Index en una poblaci\u00f3n chilena<\/div>\n\t\t\t<\/figcaption>\n\t\t\t\n\t\t\t<a href=\"https:\/\/www.scielo.cl\/pdf\/rmc\/v148n2\/0717-6163-rmc-148-02-0187.pdf\"  ><\/a>\n\t\t<\/div>\n\t\t<div class=\"portfolio_grid_wrapper tg_three_cols   portfolio-4 tile scale-anm peer-review all filterable\">\n\t\t\t<img decoding=\"async\" src=\"https:\/\/cvpf.cl\/academy\/wp-content\/uploads\/2023\/09\/Captura-de-Pantalla-2023-09-14-a-las-02.14.11-444x466.png\" alt=\"\" \/>\n\n\t\t\t<figcaption>\n\t\t\t\t<h3 class=\"portfolio_grid_title\">2014<\/h3>\n\t\t\t\t<div class=\"portfolio_grid_subtitle\">Short-term corneal changes with gas-permeable contact lens wear in keratoconus subjects: A comparison of two fitting approaches<\/div>\n\t\t\t<\/figcaption>\n\t\t\t\n\t\t\t<a href=\"https:\/\/pubmed.ncbi.nlm.nih.gov\/25199441\/\"  ><\/a>\n\t\t<\/div>\n\t\t<div class=\"portfolio_grid_wrapper tg_three_cols   portfolio-5 tile scale-anm peer-review all filterable\">\n\t\t\t<img decoding=\"async\" src=\"https:\/\/cvpf.cl\/academy\/wp-content\/uploads\/2023\/09\/Captura-de-Pantalla-2023-09-14-a-las-02.15.23-412x466.png\" alt=\"\" \/>\n\n\t\t\t<figcaption>\n\t\t\t\t<h3 class=\"portfolio_grid_title\">2014<\/h3>\n\t\t\t\t<div class=\"portfolio_grid_subtitle\"> Which soft lens power is better for piggyback in keratoconus? Part II.<\/div>\n\t\t\t<\/figcaption>\n\t\t\t\n\t\t\t<a href=\"https:\/\/pubmed.ncbi.nlm.nih.gov\/25458076\/\"  ><\/a>\n\t\t<\/div>\n\t\t<div class=\"portfolio_grid_wrapper tg_three_cols last  portfolio-6 tile scale-anm peer-review all filterable\">\n\t\t\t<img decoding=\"async\" src=\"https:\/\/cvpf.cl\/academy\/wp-content\/uploads\/2023\/09\/Captura-de-Pantalla-2023-09-14-a-las-02.29.51-407x466.png\" alt=\"\" \/>\n\n\t\t\t<figcaption>\n\t\t\t\t<h3 class=\"portfolio_grid_title\">2012<\/h3>\n\t\t\t\t<div class=\"portfolio_grid_subtitle\">Ophthalmic Features of Optic Disc Drusen <\/div>\n\t\t\t<\/figcaption>\n\t\t\t\n\t\t\t<a href=\"https:\/\/pubmed.ncbi.nlm.nih.gov\/22584542\/\"  ><\/a>\n\t\t<\/div>\n\t\t<div class=\"portfolio_grid_wrapper tg_three_cols   portfolio-7 tile scale-anm peer-review all filterable\">\n\t\t\t<img decoding=\"async\" src=\"https:\/\/cvpf.cl\/academy\/wp-content\/uploads\/2023\/09\/Captura-de-Pantalla-2023-09-13-a-las-14.04.05-381x466.png\" alt=\"\" \/>\n\n\t\t\t<figcaption>\n\t\t\t\t<h3 class=\"portfolio_grid_title\"> 2012<\/h3>\n\t\t\t\t<div class=\"portfolio_grid_subtitle\">Sensitivity and specificity of monochromatic photography of the ocular fundus in differentiating optic nerve head drusen and optic disc oedema<\/div>\n\t\t\t<\/figcaption>\n\t\t\t\n\t\t\t<a href=\"https:\/\/pubmed.ncbi.nlm.nih.gov\/23212800\/\"  ><\/a>\n\t\t<\/div>\n\t\t<div class=\"portfolio_grid_wrapper tg_three_cols   portfolio-8 tile scale-anm peer-review all filterable\">\n\t\t\t<img decoding=\"async\" src=\"https:\/\/cvpf.cl\/academy\/wp-content\/uploads\/2023\/09\/Captura-de-Pantalla-2023-09-14-a-las-02.13.39-1-378x466.png\" alt=\"\" \/>\n\n\t\t\t<figcaption>\n\t\t\t\t<h3 class=\"portfolio_grid_title\">2012<\/h3>\n\t\t\t\t<div class=\"portfolio_grid_subtitle\">Sensitivity and specificity of time-domain and spectral-domain optical coherence tomography in differentiating optic nerve head drusen and optic disc oedema<\/div>\n\t\t\t<\/figcaption>\n\t\t\t\n\t\t\t<a href=\"https:\/\/pubmed.ncbi.nlm.nih.gov\/22428958\/\"  ><\/a>\n\t\t<\/div>\n\t\t<div class=\"portfolio_grid_wrapper tg_three_cols last  portfolio-9 tile scale-anm peer-review all filterable\">\n\t\t\t<img decoding=\"async\" src=\"https:\/\/cvpf.cl\/academy\/wp-content\/uploads\/2023\/09\/Captura-de-Pantalla-2023-09-13-a-las-14.25.13-382x466.png\" alt=\"\" \/>\n\n\t\t\t<figcaption>\n\t\t\t\t<h3 class=\"portfolio_grid_title\"> 2012<\/h3>\n\t\t\t\t<div class=\"portfolio_grid_subtitle\">Which soft contact lens power is better for piggyback fitting in keratoconus?<\/div>\n\t\t\t<\/figcaption>\n\t\t\t\n\t\t\t<a href=\"https:\/\/pubmed.ncbi.nlm.nih.gov\/23108009\/\"  ><\/a>\n\t\t<\/div>\n\t\t<div class=\"portfolio_grid_wrapper tg_three_cols   portfolio-10 tile scale-anm peer-review all filterable\">\n\t\t\t<img decoding=\"async\" src=\"https:\/\/cvpf.cl\/academy\/wp-content\/uploads\/2023\/09\/Captura-de-Pantalla-2023-09-13-a-las-13.44.20.png\" alt=\"\" \/>\n\n\t\t\t<figcaption>\n\t\t\t\t<h3 class=\"portfolio_grid_title\">2012<\/h3>\n\t\t\t\t<div class=\"portfolio_grid_subtitle\">Evaluation of optic disc size in patients with optic nerve head drusen using fundus photography<\/div>\n\t\t\t<\/figcaption>\n\t\t\t\n\t\t\t<a href=\"https:\/\/linkinghub.elsevier.com\/retrieve\/pii\/S1888429612000866\"  ><\/a>\n\t\t<\/div>\n\t\t<div class=\"portfolio_grid_wrapper tg_three_cols   portfolio-11 tile scale-anm peer-review all filterable\">\n\t\t\t<img decoding=\"async\" src=\"https:\/\/cvpf.cl\/academy\/wp-content\/uploads\/2023\/09\/Captura-de-Pantalla-2023-09-13-a-las-14.21.19-382x466.png\" alt=\"\" \/>\n\n\t\t\t<figcaption>\n\t\t\t\t<h3 class=\"portfolio_grid_title\">2012<\/h3>\n\t\t\t\t<div class=\"portfolio_grid_subtitle\">Utility of a semi-scleral contact lens design in the management of the irregular cornea<\/div>\n\t\t\t<\/figcaption>\n\t\t\t\n\t\t\t<a href=\"https:\/\/pubmed.ncbi.nlm.nih.gov\/23291263\/\"  ><\/a>\n\t\t<\/div>\n\t\t<div class=\"portfolio_grid_wrapper tg_three_cols last  portfolio-12 tile scale-anm non-peer-review all filterable\">\n\t\t\t<img decoding=\"async\" src=\"https:\/\/cvpf.cl\/academy\/wp-content\/uploads\/2023\/09\/Captura-de-Pantalla-2023-09-15-a-las-00.52.08-378x466.png\" alt=\"\" \/>\n\n\t\t\t<figcaption>\n\t\t\t\t<h3 class=\"portfolio_grid_title\">Publicaciones Non Peer Review<\/h3>\n\t\t\t\t<div class=\"portfolio_grid_subtitle\"><\/div>\n\t\t\t<\/figcaption>\n\t\t\t\n\t\t\t<a href=\"https:\/\/drive.google.com\/file\/d\/1SjhZ6ouI87_meNPgWDe9nyjiEouzR7FP\/view?usp=drive_link\"  ><\/a>\n\t\t<\/div>\n<br class=\"clear\"\/>\n<\/div>\n<\/div>\t\t\t\t<\/div>\n\t\t\t\t<\/div>\n\t\t\t\t\t<\/div>\n\t\t<\/div>\n\t\t\t\t\t<\/div>\n\t\t<\/section>\n\t\t\t\t<section class=\"elementor-section elementor-top-section elementor-element elementor-element-bfdeb01 elementor-section-boxed elementor-section-height-default elementor-section-height-default\" data-id=\"bfdeb01\" data-element_type=\"section\" data-settings=\"{&quot;dotlife_ext_is_background_parallax&quot;:&quot;false&quot;}\">\n\t\t\t\t\t\t<div class=\"elementor-container elementor-column-gap-default\">\n\t\t\t\t\t<div class=\"elementor-column elementor-col-50 elementor-top-column elementor-element elementor-element-f868bcb\" data-id=\"f868bcb\" data-element_type=\"column\" data-settings=\"{&quot;dotlife_ext_link_sidemenu&quot;:&quot;false&quot;,&quot;dotlife_ext_link_fullmenu&quot;:&quot;false&quot;,&quot;dotlife_ext_link_closed_fullmenu&quot;:&quot;false&quot;,&quot;dotlife_ext_is_scrollme&quot;:&quot;false&quot;,&quot;dotlife_ext_is_smoove&quot;:&quot;false&quot;,&quot;dotlife_ext_is_parallax_mouse&quot;:&quot;false&quot;,&quot;dotlife_ext_is_infinite&quot;:&quot;false&quot;,&quot;dotlife_ext_is_fadeout_animation&quot;:&quot;false&quot;,&quot;dotlife_ext_mobile_static&quot;:&quot;false&quot;}\">\n\t\t\t<div class=\"elementor-widget-wrap elementor-element-populated\">\n\t\t\t\t\t\t<div class=\"elementor-element elementor-element-4d5a39a elementor-align-left elementor-mobile-align-center elementor-widget elementor-widget-button\" data-id=\"4d5a39a\" data-element_type=\"widget\" data-settings=\"{&quot;dotlife_ext_link_sidemenu&quot;:&quot;false&quot;,&quot;dotlife_ext_link_fullmenu&quot;:&quot;false&quot;,&quot;dotlife_ext_link_closed_fullmenu&quot;:&quot;false&quot;,&quot;dotlife_ext_is_scrollme&quot;:&quot;false&quot;,&quot;dotlife_ext_is_smoove&quot;:&quot;false&quot;,&quot;dotlife_ext_is_parallax_mouse&quot;:&quot;false&quot;,&quot;dotlife_ext_is_infinite&quot;:&quot;false&quot;,&quot;dotlife_ext_is_fadeout_animation&quot;:&quot;false&quot;,&quot;dotlife_ext_mobile_static&quot;:&quot;false&quot;}\" data-widget_type=\"button.default\">\n\t\t\t\t<div class=\"elementor-widget-container\">\n\t\t\t\t\t\t\t\t\t<div class=\"elementor-button-wrapper\">\n\t\t\t\t\t<a class=\"elementor-button elementor-button-link elementor-size-xs elementor-animation-grow\" href=\"https:\/\/cvpf.cl\/academy\/congresos\">\n\t\t\t\t\t\t<span class=\"elementor-button-content-wrapper\">\n\t\t\t\t\t\t\t\t\t<span class=\"elementor-button-text\">Atras<\/span>\n\t\t\t\t\t<\/span>\n\t\t\t\t\t<\/a>\n\t\t\t\t<\/div>\n\t\t\t\t\t\t\t\t<\/div>\n\t\t\t\t<\/div>\n\t\t\t\t\t<\/div>\n\t\t<\/div>\n\t\t\t\t<div class=\"elementor-column elementor-col-50 elementor-top-column elementor-element elementor-element-f23c474\" data-id=\"f23c474\" data-element_type=\"column\" data-settings=\"{&quot;dotlife_ext_link_sidemenu&quot;:&quot;false&quot;,&quot;dotlife_ext_link_fullmenu&quot;:&quot;false&quot;,&quot;dotlife_ext_link_closed_fullmenu&quot;:&quot;false&quot;,&quot;dotlife_ext_is_scrollme&quot;:&quot;false&quot;,&quot;dotlife_ext_is_smoove&quot;:&quot;false&quot;,&quot;dotlife_ext_is_parallax_mouse&quot;:&quot;false&quot;,&quot;dotlife_ext_is_infinite&quot;:&quot;false&quot;,&quot;dotlife_ext_is_fadeout_animation&quot;:&quot;false&quot;,&quot;dotlife_ext_mobile_static&quot;:&quot;false&quot;}\">\n\t\t\t<div class=\"elementor-widget-wrap elementor-element-populated\">\n\t\t\t\t\t\t<div class=\"elementor-element elementor-element-3b1a71c elementor-align-right elementor-mobile-align-center elementor-widget elementor-widget-button\" data-id=\"3b1a71c\" data-element_type=\"widget\" data-settings=\"{&quot;dotlife_ext_link_sidemenu&quot;:&quot;false&quot;,&quot;dotlife_ext_link_fullmenu&quot;:&quot;false&quot;,&quot;dotlife_ext_link_closed_fullmenu&quot;:&quot;false&quot;,&quot;dotlife_ext_is_scrollme&quot;:&quot;false&quot;,&quot;dotlife_ext_is_smoove&quot;:&quot;false&quot;,&quot;dotlife_ext_is_parallax_mouse&quot;:&quot;false&quot;,&quot;dotlife_ext_is_infinite&quot;:&quot;false&quot;,&quot;dotlife_ext_is_fadeout_animation&quot;:&quot;false&quot;,&quot;dotlife_ext_mobile_static&quot;:&quot;false&quot;}\" data-widget_type=\"button.default\">\n\t\t\t\t<div class=\"elementor-widget-container\">\n\t\t\t\t\t\t\t\t\t<div class=\"elementor-button-wrapper\">\n\t\t\t\t\t<a class=\"elementor-button elementor-button-link elementor-size-xs elementor-animation-grow\" href=\"https:\/\/cvpf.cl\/academy\/cursos\">\n\t\t\t\t\t\t<span class=\"elementor-button-content-wrapper\">\n\t\t\t\t\t\t\t\t\t<span class=\"elementor-button-text\">Siguiente<\/span>\n\t\t\t\t\t<\/span>\n\t\t\t\t\t<\/a>\n\t\t\t\t<\/div>\n\t\t\t\t\t\t\t\t<\/div>\n\t\t\t\t<\/div>\n\t\t\t\t\t<\/div>\n\t\t<\/div>\n\t\t\t\t\t<\/div>\n\t\t<\/section>\n\t\t\t\t<\/div>\n\t\t","protected":false},"excerpt":{"rendered":"<p>\u00abLa educaci\u00f3n cient\u00edfica de los j\u00f3venes es al menos tan importante, quiz\u00e1 incluso m\u00e1s, que la propia investigaci\u00f3n\u00bb All Peer [&hellip;]<\/p>\n","protected":false},"author":1,"featured_media":0,"parent":0,"menu_order":0,"comment_status":"closed","ping_status":"closed","template":"","meta":{"om_disable_all_campaigns":false,"_monsterinsights_skip_tracking":false,"_monsterinsights_sitenote_active":false,"_monsterinsights_sitenote_note":"","_monsterinsights_sitenote_category":0,"footnotes":""},"class_list":["post-648","page","type-page","status-publish","hentry"],"aioseo_notices":[],"_links":{"self":[{"href":"https:\/\/cvpf.cl\/academy\/wp-json\/wp\/v2\/pages\/648","targetHints":{"allow":["GET"]}}],"collection":[{"href":"https:\/\/cvpf.cl\/academy\/wp-json\/wp\/v2\/pages"}],"about":[{"href":"https:\/\/cvpf.cl\/academy\/wp-json\/wp\/v2\/types\/page"}],"author":[{"embeddable":true,"href":"https:\/\/cvpf.cl\/academy\/wp-json\/wp\/v2\/users\/1"}],"replies":[{"embeddable":true,"href":"https:\/\/cvpf.cl\/academy\/wp-json\/wp\/v2\/comments?post=648"}],"version-history":[{"count":59,"href":"https:\/\/cvpf.cl\/academy\/wp-json\/wp\/v2\/pages\/648\/revisions"}],"predecessor-version":[{"id":5216,"href":"https:\/\/cvpf.cl\/academy\/wp-json\/wp\/v2\/pages\/648\/revisions\/5216"}],"wp:attachment":[{"href":"https:\/\/cvpf.cl\/academy\/wp-json\/wp\/v2\/media?parent=648"}],"curies":[{"name":"wp","href":"https:\/\/api.w.org\/{rel}","templated":true}]}}